{"id":14,"date":"2011-07-14T19:47:05","date_gmt":"2011-07-14T19:47:05","guid":{"rendered":"http:\/\/localhost\/test\/contacts\/"},"modified":"2025-09-25T13:57:14","modified_gmt":"2025-09-25T11:57:14","slug":"contacts","status":"publish","type":"page","link":"https:\/\/www.medinadiscovery.com\/es\/contacts\/","title":{"rendered":"Contacts"},"content":{"rendered":"<p><iframe loading=\"lazy\" style=\"border: 0;\" src=\"https:\/\/www.google.com\/maps\/embed?pb=!1m18!1m12!1m3!1d3180.162996955328!2d-3.6040927999999597!3d37.148823600000014!2m3!1f0!2f0!3f0!3m2!1i1024!2i768!4f13.1!3m3!1m2!1s0xd71fb64f99098f9%3A0x8d1658ac7f6d2003!2sFundaci%C3%B3n+MEDINA+Centro+de+Excelencia+en+Investigaci%C3%B3n+de+Medicamentos+Innovadores+en+Andaluc%C3%ADa!5e0!3m2!1ses!2ses!4v1436352886468\" width=\"100%\" height=\"450\" frameborder=\"0\" allowfullscreen=\"allowfullscreen\"><\/iframe><\/p>\n<div class=\"flex col-2\">\n<div class=\"comun\">\n<h3>Fundaci\u00f3n MEDINA<\/h3>\n<p>Centro de Excelencia en Investigaci\u00f3n de Medicamentos Innovadores en Andaluc\u00eda<\/p>\n<p>Avda. del Conocimiento 34<\/p>\n<p>Edificio Centro de Desarrollo Farmac\u00e9utico y Alimentario<br \/>\nParque Tecnol\u00f3gico de Ciencias de la Salud<br \/>\n18016 Granada\u00a0 (ESPA\u00d1A)<br \/>\nPhone: + 34 958 993 965<br \/>\nFax: +34 958 846 710<\/p>\n<p><a href=\"mailto:info@medinaandalucia.es\">info@medinaandalucia.es<\/a><\/p>\n<\/div>\n<div class=\"comun\">\n<h2>Contacta con nosotros<\/h2>\n<!-- Contact Form X --><noscript class=\"cfx-noscript-wrap\"><p id=\"cfx-noscript\" class=\"cfx-noscript\">Por favor, activa JavaScript para poder usar el formulario de contacto.<\/p><\/noscript><div id=\"cfx\" class=\"cfx\"><div class=\"cfx-response\"><\/div><div class=\"cfx-form\"><fieldset class=\"cfx-input cfx-email\"><label for=\"cfx-email\">Your Email<\/label> <input id=\"cfx-email\" name=\"cfx-email\" type=\"email\" value=\"\" size=\"40\" maxlength=\"100\" placeholder=\"Your Email\" required data-required=\"true\" autocomplete=\"email\"><\/fieldset><fieldset class=\"cfx-input cfx-subject\"><label for=\"cfx-subject\">Email Subject<\/label> <input id=\"cfx-subject\" name=\"cfx-subject\" type=\"text\" value=\"\" size=\"40\" maxlength=\"100\" placeholder=\"Email Subject\" autocomplete=\"on\"><\/fieldset><fieldset class=\"cfx-input cfx-custom\"><label for=\"cfx-custom\">Phone Number<\/label> <input id=\"cfx-custom\" name=\"cfx-custom\" type=\"text\" value=\"\" size=\"40\" maxlength=\"100\" placeholder=\"Phone Number\" autocomplete=\"on\"><\/fieldset><fieldset class=\"cfx-textarea cfx-message\"><label for=\"cfx-message\">Your Message<\/label> <textarea id=\"cfx-message\" name=\"cfx-message\" cols=\"50\" rows=\"10\" placeholder=\"Your Message\" required data-required=\"true\"><\/textarea><\/fieldset><fieldset class=\"cfx-recaptcha\"><label for=\"cfx-recaptcha\">Are you human?<\/label><div id=\"cfx-recaptcha\" class=\"g-recaptcha\" data-sitekey=\"6LcZaVsrAAAAAENNwGh50YJZQRp_JVT5Gz8F9vLe\" data-theme=\"light\"><\/div><\/fieldset><fieldset class=\"cfx-checkbox cfx-agree\"><input id=\"cfx-agree\" name=\"cfx-agree\" type=\"checkbox\" value=\"\" required data-required=\"true\"> <label for=\"cfx-agree\"><\/label> En cumplimiento de lo dispuesto en los art\u00edculos 13 y 14 del Reglamento General de Protecci\u00f3n de Datos, le informamos lo siguiente:\r\na) Los datos personales que nos proporcione ser\u00e1n utilizados para el tratamiento de contacto con la finalidad de poder atender las solicitudes de consulta remitidas, as\u00ed como poder informarle de los servicios ofrecidos por la Fundaci\u00f3n, quedando almacenados durante el tiempo necesario para cumplir con las obligaciones legales estipuladas. Sus datos no ser\u00e1n cedidos a terceros, salvo que se disponga en una obligaci\u00f3n legal. La base jur\u00eddica de este tratamiento se basa en el consentimiento que nos presta al cumplimentar y enviar el formulario o correo electr\u00f3nico, sin el cual no podr\u00edamos cumplir con la finalidad descrita.\r\nb) El responsable de este tratamiento de sus datos personales es la Fundaci\u00f3n MEDINA, cuya direcci\u00f3n  es av. Conocimiento 34. 18016 Granada.\r\nc) Puede usted ejercer sus derechos de acceso, rectificaci\u00f3n, supresi\u00f3n, portabilidad de sus datos, y la limitaci\u00f3n u oposici\u00f3n a su tratamiento, solicit\u00e1ndolo por escrito, con copia del DNI, a la Fundaci\u00f3n MEDINA en Avda. Conocimiento 34. 18016 Granada; o mediante correo electr\u00f3nico a rgpd@medinaandalucia.es.<\/fieldset><button class=\"cfx-button cfx-submit\">Send Message<\/button><\/div><\/div>\n<\/div>\n<\/div>\n","protected":false},"excerpt":{"rendered":"<p>Fundaci\u00f3n MEDINA Centro de Excelencia en Investigaci\u00f3n de Medicamentos Innovadores en Andaluc\u00eda Avda. del Conocimiento 34 Edificio Centro de Desarrollo Farmac\u00e9utico y Alimentario Parque Tecnol\u00f3gico de Ciencias de la Salud 18016 Granada\u00a0 (ESPA\u00d1A) Phone: + 34 958 993 965 Fax: +34 958 846 710 info@medinaandalucia.es Contacta con nosotros<\/p>\n","protected":false},"author":101011,"featured_media":0,"parent":0,"menu_order":6,"comment_status":"closed","ping_status":"closed","template":"","meta":{"_et_pb_use_builder":"","_et_pb_old_content":"","_et_gb_content_width":"","_monsterinsights_skip_tracking":false,"_monsterinsights_sitenote_active":false,"_monsterinsights_sitenote_note":"","_monsterinsights_sitenote_category":0,"footnotes":""},"class_list":["post-14","page","type-page","status-publish","hentry"],"yoast_head":"<!-- This site is optimized with the Yoast SEO plugin v27.4 - https:\/\/yoast.com\/product\/yoast-seo-wordpress\/ -->\n<title>Contacts - Fundaci\u00f3n MEDINA<\/title>\n<meta name=\"description\" content=\"Ponte en contacto con la Fundaci\u00f3n MEDINA a trav\u00e9s de nuestra p\u00e1gina de contacto\" \/>\n<meta name=\"robots\" content=\"index, follow, max-snippet:-1, max-image-preview:large, max-video-preview:-1\" \/>\n<link rel=\"canonical\" href=\"https:\/\/www.medinadiscovery.com\/es\/contacts\/\" \/>\n<meta property=\"og:locale\" content=\"es_ES\" \/>\n<meta property=\"og:type\" content=\"article\" \/>\n<meta property=\"og:title\" content=\"Contacts - Fundaci\u00f3n MEDINA\" \/>\n<meta property=\"og:description\" content=\"Ponte en contacto con la Fundaci\u00f3n MEDINA a trav\u00e9s de nuestra p\u00e1gina de contacto\" \/>\n<meta property=\"og:url\" content=\"https:\/\/www.medinadiscovery.com\/es\/contacts\/\" \/>\n<meta property=\"og:site_name\" content=\"Fundaci\u00f3n MEDINA\" \/>\n<meta property=\"article:publisher\" content=\"https:\/\/www.facebook.com\/MEDINADiscovery\/\" \/>\n<meta property=\"article:modified_time\" content=\"2025-09-25T11:57:14+00:00\" \/>\n<meta name=\"twitter:card\" content=\"summary_large_image\" \/>\n<meta name=\"twitter:site\" content=\"@MedinaDiscovery\" \/>\n<meta name=\"twitter:label1\" content=\"Tiempo de lectura\" \/>\n\t<meta name=\"twitter:data1\" content=\"1 minuto\" \/>\n<script type=\"application\/ld+json\" class=\"yoast-schema-graph\">{\"@context\":\"https:\\\/\\\/schema.org\",\"@graph\":[{\"@type\":\"WebPage\",\"@id\":\"https:\\\/\\\/www.medinadiscovery.com\\\/es\\\/contacts\\\/\",\"url\":\"https:\\\/\\\/www.medinadiscovery.com\\\/es\\\/contacts\\\/\",\"name\":\"Contacts - Fundaci\u00f3n MEDINA\",\"isPartOf\":{\"@id\":\"https:\\\/\\\/www.medinadiscovery.com\\\/es\\\/#website\"},\"datePublished\":\"2011-07-14T19:47:05+00:00\",\"dateModified\":\"2025-09-25T11:57:14+00:00\",\"description\":\"Ponte en contacto con la Fundaci\u00f3n MEDINA a trav\u00e9s de nuestra p\u00e1gina de contacto\",\"breadcrumb\":{\"@id\":\"https:\\\/\\\/www.medinadiscovery.com\\\/es\\\/contacts\\\/#breadcrumb\"},\"inLanguage\":\"es\",\"potentialAction\":[{\"@type\":\"ReadAction\",\"target\":[\"https:\\\/\\\/www.medinadiscovery.com\\\/es\\\/contacts\\\/\"]}]},{\"@type\":\"BreadcrumbList\",\"@id\":\"https:\\\/\\\/www.medinadiscovery.com\\\/es\\\/contacts\\\/#breadcrumb\",\"itemListElement\":[{\"@type\":\"ListItem\",\"position\":1,\"name\":\"Home\",\"item\":\"https:\\\/\\\/www.medinadiscovery.com\\\/es\\\/\"},{\"@type\":\"ListItem\",\"position\":2,\"name\":\"Contacts\"}]},{\"@type\":\"WebSite\",\"@id\":\"https:\\\/\\\/www.medinadiscovery.com\\\/es\\\/#website\",\"url\":\"https:\\\/\\\/www.medinadiscovery.com\\\/es\\\/\",\"name\":\"Fundaci\u00f3n MEDINA\",\"description\":\"Our mission on drug discovery and pharma research\",\"publisher\":{\"@id\":\"https:\\\/\\\/www.medinadiscovery.com\\\/es\\\/#organization\"},\"potentialAction\":[{\"@type\":\"SearchAction\",\"target\":{\"@type\":\"EntryPoint\",\"urlTemplate\":\"https:\\\/\\\/www.medinadiscovery.com\\\/es\\\/?s={search_term_string}\"},\"query-input\":{\"@type\":\"PropertyValueSpecification\",\"valueRequired\":true,\"valueName\":\"search_term_string\"}}],\"inLanguage\":\"es\"},{\"@type\":\"Organization\",\"@id\":\"https:\\\/\\\/www.medinadiscovery.com\\\/es\\\/#organization\",\"name\":\"Fundaci\u00f3n MEDINA\",\"url\":\"https:\\\/\\\/www.medinadiscovery.com\\\/es\\\/\",\"logo\":{\"@type\":\"ImageObject\",\"inLanguage\":\"es\",\"@id\":\"https:\\\/\\\/www.medinadiscovery.com\\\/es\\\/#\\\/schema\\\/logo\\\/image\\\/\",\"url\":\"https:\\\/\\\/www.medinadiscovery.com\\\/wp-content\\\/uploads\\\/2025\\\/06\\\/logo_medina.png\",\"contentUrl\":\"https:\\\/\\\/www.medinadiscovery.com\\\/wp-content\\\/uploads\\\/2025\\\/06\\\/logo_medina.png\",\"width\":1747,\"height\":456,\"caption\":\"Fundaci\u00f3n MEDINA\"},\"image\":{\"@id\":\"https:\\\/\\\/www.medinadiscovery.com\\\/es\\\/#\\\/schema\\\/logo\\\/image\\\/\"},\"sameAs\":[\"https:\\\/\\\/www.facebook.com\\\/MEDINADiscovery\\\/\",\"https:\\\/\\\/x.com\\\/MedinaDiscovery\"]}]}<\/script>\n<!-- \/ Yoast SEO plugin. -->","yoast_head_json":{"title":"Contacts - Fundaci\u00f3n MEDINA","description":"Ponte en contacto con la Fundaci\u00f3n MEDINA a trav\u00e9s de nuestra p\u00e1gina de contacto","robots":{"index":"index","follow":"follow","max-snippet":"max-snippet:-1","max-image-preview":"max-image-preview:large","max-video-preview":"max-video-preview:-1"},"canonical":"https:\/\/www.medinadiscovery.com\/es\/contacts\/","og_locale":"es_ES","og_type":"article","og_title":"Contacts - Fundaci\u00f3n MEDINA","og_description":"Ponte en contacto con la Fundaci\u00f3n MEDINA a trav\u00e9s de nuestra p\u00e1gina de contacto","og_url":"https:\/\/www.medinadiscovery.com\/es\/contacts\/","og_site_name":"Fundaci\u00f3n MEDINA","article_publisher":"https:\/\/www.facebook.com\/MEDINADiscovery\/","article_modified_time":"2025-09-25T11:57:14+00:00","twitter_card":"summary_large_image","twitter_site":"@MedinaDiscovery","twitter_misc":{"Tiempo de lectura":"1 minuto"},"schema":{"@context":"https:\/\/schema.org","@graph":[{"@type":"WebPage","@id":"https:\/\/www.medinadiscovery.com\/es\/contacts\/","url":"https:\/\/www.medinadiscovery.com\/es\/contacts\/","name":"Contacts - Fundaci\u00f3n MEDINA","isPartOf":{"@id":"https:\/\/www.medinadiscovery.com\/es\/#website"},"datePublished":"2011-07-14T19:47:05+00:00","dateModified":"2025-09-25T11:57:14+00:00","description":"Ponte en contacto con la Fundaci\u00f3n MEDINA a trav\u00e9s de nuestra p\u00e1gina de contacto","breadcrumb":{"@id":"https:\/\/www.medinadiscovery.com\/es\/contacts\/#breadcrumb"},"inLanguage":"es","potentialAction":[{"@type":"ReadAction","target":["https:\/\/www.medinadiscovery.com\/es\/contacts\/"]}]},{"@type":"BreadcrumbList","@id":"https:\/\/www.medinadiscovery.com\/es\/contacts\/#breadcrumb","itemListElement":[{"@type":"ListItem","position":1,"name":"Home","item":"https:\/\/www.medinadiscovery.com\/es\/"},{"@type":"ListItem","position":2,"name":"Contacts"}]},{"@type":"WebSite","@id":"https:\/\/www.medinadiscovery.com\/es\/#website","url":"https:\/\/www.medinadiscovery.com\/es\/","name":"Fundaci\u00f3n MEDINA","description":"Our mission on drug discovery and pharma research","publisher":{"@id":"https:\/\/www.medinadiscovery.com\/es\/#organization"},"potentialAction":[{"@type":"SearchAction","target":{"@type":"EntryPoint","urlTemplate":"https:\/\/www.medinadiscovery.com\/es\/?s={search_term_string}"},"query-input":{"@type":"PropertyValueSpecification","valueRequired":true,"valueName":"search_term_string"}}],"inLanguage":"es"},{"@type":"Organization","@id":"https:\/\/www.medinadiscovery.com\/es\/#organization","name":"Fundaci\u00f3n MEDINA","url":"https:\/\/www.medinadiscovery.com\/es\/","logo":{"@type":"ImageObject","inLanguage":"es","@id":"https:\/\/www.medinadiscovery.com\/es\/#\/schema\/logo\/image\/","url":"https:\/\/www.medinadiscovery.com\/wp-content\/uploads\/2025\/06\/logo_medina.png","contentUrl":"https:\/\/www.medinadiscovery.com\/wp-content\/uploads\/2025\/06\/logo_medina.png","width":1747,"height":456,"caption":"Fundaci\u00f3n MEDINA"},"image":{"@id":"https:\/\/www.medinadiscovery.com\/es\/#\/schema\/logo\/image\/"},"sameAs":["https:\/\/www.facebook.com\/MEDINADiscovery\/","https:\/\/x.com\/MedinaDiscovery"]}]}},"_links":{"self":[{"href":"https:\/\/www.medinadiscovery.com\/es\/wp-json\/wp\/v2\/pages\/14","targetHints":{"allow":["GET"]}}],"collection":[{"href":"https:\/\/www.medinadiscovery.com\/es\/wp-json\/wp\/v2\/pages"}],"about":[{"href":"https:\/\/www.medinadiscovery.com\/es\/wp-json\/wp\/v2\/types\/page"}],"author":[{"embeddable":true,"href":"https:\/\/www.medinadiscovery.com\/es\/wp-json\/wp\/v2\/users\/101011"}],"replies":[{"embeddable":true,"href":"https:\/\/www.medinadiscovery.com\/es\/wp-json\/wp\/v2\/comments?post=14"}],"version-history":[{"count":24,"href":"https:\/\/www.medinadiscovery.com\/es\/wp-json\/wp\/v2\/pages\/14\/revisions"}],"predecessor-version":[{"id":13781,"href":"https:\/\/www.medinadiscovery.com\/es\/wp-json\/wp\/v2\/pages\/14\/revisions\/13781"}],"wp:attachment":[{"href":"https:\/\/www.medinadiscovery.com\/es\/wp-json\/wp\/v2\/media?parent=14"}],"curies":[{"name":"wp","href":"https:\/\/api.w.org\/{rel}","templated":true}]}}