{"id":2465,"date":"2015-07-13T11:57:10","date_gmt":"2015-07-13T11:57:10","guid":{"rendered":"https:\/\/www.medinadiscovery.com\/es\/?page_id=2465"},"modified":"2025-09-25T13:24:08","modified_gmt":"2025-09-25T11:24:08","slug":"data-protection-policy","status":"publish","type":"page","link":"https:\/\/www.medinadiscovery.com\/es\/data-protection-policy\/","title":{"rendered":"data-protection-policy"},"content":{"rendered":"<h2>Politica de Protecci\u00f3n de Datos<\/h2>\n<p>La pol\u00edtica de privacidad establece c\u00f3mo utilizamos los datos personales que nos facilita, como el nombre, la direcci\u00f3n, el n\u00famero de tel\u00e9fono o la direcci\u00f3n de correo electr\u00f3nico.<\/p>\n<p>Contenido:<\/p>\n<p>&nbsp;<\/p>\n<ol start=\"1\">\n<li>Qui\u00e9nes somos<\/li>\n<li>C\u00f3mo obtenemos y utilizamos los datos personales\n<ul>\n<li>2.1 General<\/li>\n<li>2.2 Tratamiento con fines de Marketing<\/li>\n<\/ul>\n<\/li>\n<\/ol>\n<ol start=\"3\">\n<li>Datos autom\u00e1ticos\n<ul>\n<li>3.1 Direcci\u00f3n de protocolo de Internet (IP)<\/li>\n<li>3.2 Clickstream<\/li>\n<\/ul>\n<\/li>\n<\/ol>\n<ol start=\"4\">\n<li>Derechos del Usuario<\/li>\n<li>Seguridad<\/li>\n<li>Transmisi\u00f3n de Datos Personales a jurisdicciones fuera del Espacio Econ\u00f3mico Europeo (EEE).<\/li>\n<li>Otros sitios Web\u20288. Aceptaci\u00f3n de esta pol\u00edtica<\/li>\n<\/ol>\n<p>&nbsp;<\/p>\n<ol>\n<li><strong> Qui\u00e9nes somos<\/strong><\/li>\n<\/ol>\n<p>Este documento define la pol\u00edtica de privacidad de Fundaci\u00f3n Centro de Excelencia en Medicamentos Innovadores en Andaluc\u00eda, MEDINA, (en adelante \u201cnosotros\u201d, \u201cnuestro\/a\u201d, o \u201cMEDINA\u201d) en relaci\u00f3n con el sitio Web de MEDINA.\u2028Explica c\u00f3mo utilizamos los datos personales, es decir, cualquier informaci\u00f3n sobre usted que permita su identificaci\u00f3n como el nombre, la direcci\u00f3n, el n\u00famero de tel\u00e9fono o la direcci\u00f3n de correo electr\u00f3nico y que en adelante se denominar\u00e1n \u201csus datos\u201d.\u00a0\u2028La presente pol\u00edtica de privacidad cumple con todas las obligaciones establecidas por la normativa vigente de protecci\u00f3n de datos personales y en concreto, con la Ley Org\u00e1nica 15\/1999, de 13 de diciembre, de Protecci\u00f3n de Datos de Car\u00e1cter Personal, as\u00ed como su normativa de desarrollo<\/p>\n<p>&nbsp;<\/p>\n<ol start=\"2\">\n<li><strong> C\u00f3mo obtenemos y utilizamos los datos personales<\/strong><\/li>\n<\/ol>\n<p><strong>2.1 General<\/strong><\/p>\n<p>&nbsp;<\/p>\n<p>Al visitar el sitio Web de MEDINA se le puede pedir que facilite ciertos datos sobre usted, como el nombre, la direcci\u00f3n de correo electr\u00f3nico, la direcci\u00f3n postal, el n\u00famero de tel\u00e9fono, la fecha de nacimiento, la contrase\u00f1a y la contrase\u00f1a de seguridad. Sus datos podr\u00e1n ser tratados con alguna de las siguientes finalidades, seg\u00fan se indique en cada momento:<\/p>\n<p>&nbsp;<\/p>\n<ul>\n<li>\u2028 corroborar su identidad;<\/li>\n<li>\u2028 registrarse para acceder a ciertos servicios;<\/li>\n<li>\u2028 permitirnos mejorar nuestros servicios y desarrollar otros nuevos;<\/li>\n<li>ofrecerle materiales de marketing, cuando nos d\u00e9 su consentimiento para ello; o bien<\/li>\n<li>\u2028 responder a una encuesta o actualizar sus datos.\u2028Al facilitar esos datos personales, comprende totalmente y expresamente consiente para que recopilemos y procesemos dichos datos.\u2028Podemos grabar o supervisar las llamadas que realice al servicio de atenci\u00f3n al cliente con fines de formaci\u00f3n o de control de la calidad. No obstante, siempre le indicaremos si estamos grabando o supervisando las llamadas.<\/li>\n<\/ul>\n<p>&nbsp;<\/p>\n<p><strong>2.2 Tratamiento con fines de Marketing<\/strong><\/p>\n<p>&nbsp;<\/p>\n<p>Igualmente, queda informado y presta su consentimiento para el tratamiento de sus datos personales, para la realizaci\u00f3n de campa\u00f1as de marketing, investigaci\u00f3n de mercado, an\u00e1lisis y otros fines relacionados. Usted determinar\u00e1 la cantidad de informaci\u00f3n que nos permite utilizar para estos fines. Nuestros avisos en pantalla normalmente le pedir\u00e1n permiso expl\u00edcito para ponernos en contacto con usted. Los datos se utilizar\u00e1n, entre otros, para estos fines:<\/p>\n<p>&nbsp;<\/p>\n<ul>\n<li>comunicarnos con usted de vez en cuando por correo electr\u00f3nico y (cuando nos facilite los datos a trav\u00e9s del sitio Web u otro lugar) por tel\u00e9fono m\u00f3vil (mediante mensajes SMS o, si su dispositivo lo permite, EMS o MMS o tecnolog\u00edas similares) o por tel\u00e9fono fijo y ocasionalmente por correo postal, para ofrecerle informaci\u00f3n, ofertas y otros materiales de MEDINA que puedan interesarle;<\/li>\n<li>realizar investigaciones de mercado, por ejemplo, para pedirle que participe en una encuesta, realizada por nosotros. Siempre intentaremos indicarle antes de que participe en la encuesta qu\u00e9 informaci\u00f3n de la que facilite se utilizar\u00e1; o<\/li>\n<li>permitirnos analizar sus datos, de forma que no puedan identificarse personalmente (por lo general en forma de estad\u00edsticas), para determinar tendencias de uso de nuestro sitio Web o servicios y mejorarlos.<\/li>\n<\/ul>\n<p>&nbsp;<\/p>\n<p>Tambi\u00e9n podemos solicitar informaci\u00f3n no identificable personalmente, como sus ingresos anuales, preferencias de compras, o su edad, que son datos demogr\u00e1ficos o de perfil, aunque esta informaci\u00f3n es opcional. Podemos utilizar estos datos para mejorar su experiencia en los sitios de MEDINA. Tambi\u00e9n podemos compartir esta informaci\u00f3n con terceros, como empresas que se anuncien en los sitios de MEDINA, de forma an\u00f3nima y agregada, lo que significa que la informaci\u00f3n compartida no contendr\u00e1 ning\u00fan dato identificable personalmente sobre usted u otra persona.<\/p>\n<p>Nos reservamos el derecho a acceder a sus datos personales y publicarlos para cumplir con la legislaci\u00f3n vigente, para responder a solicitudes legales de las autoridades y de los Tribunales de Justicia espa\u00f1oles, para gestionar nuestros sistemas debidamente o para protegernos a nosotros o nuestros usuarios.<\/p>\n<p>&nbsp;<\/p>\n<ol start=\"3\">\n<li><strong> Datos autom\u00e1ticos<\/strong><\/li>\n<\/ol>\n<p><strong>3.1 Direcci\u00f3n de protocolo de Internet (IP)<\/strong><\/p>\n<p>&nbsp;<\/p>\n<p>Podemos utilizar su direcci\u00f3n IP para diagnosticar problemas con nuestro servidor y administrar nuestro sitio Web. La direcci\u00f3n IP tambi\u00e9n puede utilizarse para identificarle durante una sesi\u00f3n y recopilar informaci\u00f3n geogr\u00e1fica general. La direcci\u00f3n IP no se enlazar\u00e1 nunca a ning\u00fan dato identificable personalmente a menos que est\u00e9 en proceso de realizar una compra, en cuyo caso el enlace entre esta informaci\u00f3n terminar\u00e1 al realizar la compra final.<\/p>\n<p>&nbsp;<\/p>\n<p><strong>3.2 Clickstream<\/strong><\/p>\n<p>&nbsp;<\/p>\n<p>Cuando utiliza Internet, en cada sitio que visita queda un rastro de informaci\u00f3n electr\u00f3nica. Esta informaci\u00f3n, que a veces se conoce como datos de seguimiento de clic o \u201cclickstream\u201d, la puede recopilar y almacenar el servidor de un sitio Web. Los datos de clickstream nos indican el tipo de equipo y el software de navegaci\u00f3n que utiliza, la direcci\u00f3n del sitio Web desde el que ha visitado el sitio Web de MEDINA y en algunos casos, su direcci\u00f3n de correo electr\u00f3nico. Podemos utilizar estos datos de clickstream para determinar el tiempo que dedica cada visitante en cada p\u00e1gina de nuestro sitio, cu\u00e1ntos visitantes navegan por \u00e9l y c\u00f3mo podemos personalizar nuestras p\u00e1ginas Web para responder mejor a las necesidades de los visitantes. Esta informaci\u00f3n s\u00f3lo se utilizar\u00e1 para mejorar el sitio Web de MEDINA. Cualquier recopilaci\u00f3n o uso de datos de clickstream ser\u00e1 an\u00f3nima y agregada y no recopilaremos ni utilizaremos ning\u00fan dato personal de los datos de clickstream, aunque se encuentre disponible.<\/p>\n<p>&nbsp;<\/p>\n<ol start=\"4\">\n<li><strong> Derechos del Usuario<\/strong><\/li>\n<\/ol>\n<p>En cumplimiento de la LOPD y de su normativa de desarrollo, sus datos personales ser\u00e1n tratados e incorporados a un fichero titularidad de MEDINA con las \u00fanicas finalidades mencionadas en el apartado 2 de esta pol\u00edtica.<\/p>\n<p>Puede acceder, rectificar, oponerse y, en su caso cancelar los datos que nos haya facilitado a trav\u00e9s del sitio Web de MEDINA International en cualquier momento, envi\u00e1ndonos un mensaje de correo electr\u00f3nico [contacto mail]\u00a0o escribi\u00e9ndonos a MEDINA [Direcci\u00f3n f\u00edsica] En dicha comunicaci\u00f3n deber\u00e1 indicar el derecho que desea ejercer, as\u00ed como incluir una copia de su DNI.<\/p>\n<p>&nbsp;<\/p>\n<ol start=\"5\">\n<li><strong> Seguridad<\/strong><\/li>\n<\/ol>\n<p>Para nosotros es muy importante garantizar la seguridad de sus datos personales y no personales. Intentamos garantizar la transmisi\u00f3n segura de los datos de su equipo a nuestros servidores utilizando software de encriptaci\u00f3n. Sin embargo, debido al car\u00e1cter abierto inherente de Internet, no podemos asegurar que la comunicaci\u00f3n entre usted y MEDINA y viceversa est\u00e9 libre del acceso no autorizado por parte de terceros, como piratas inform\u00e1ticos.\u00a0\u2028S\u00f3lo se permitir\u00e1 acceder a sus datos a aquellos empleados de MEDINA que lo necesiten para realizar sus funciones. Cualquiera de los empleados que infrinja nuestras pol\u00edticas de privacidad y seguridad podr\u00e1 ser objeto de acciones disciplinarias, entre las que se puede incluir un posible despido, as\u00ed como acciones civiles y penales.\u00a0\u2028El Sitio Web de MEDINA utiliza cifrado est\u00e1ndar SSL en las p\u00e1ginas en las que se transmite informaci\u00f3n segura en Internet. Tambi\u00e9n utilizamos Verisign como certificaci\u00f3n de autoridad.<\/p>\n<p>&nbsp;<\/p>\n<ol start=\"6\">\n<li><strong> Otros sitios<\/strong><\/li>\n<\/ol>\n<p>El sitio Web de MEDINA. puede contener enlaces a otros sitios. Otros sitios tambi\u00e9n pueden hacer referencia o contener enlaces al sitio Web de MEDINA.<\/p>\n<p>MEDINA no se hace responsable de las pr\u00e1cticas de privacidad ni del contenido de estos sitios.<\/p>\n<p>&nbsp;<\/p>\n<ol start=\"7\">\n<li><strong> Aceptaci\u00f3n de esta pol\u00edtica<\/strong><\/li>\n<\/ol>\n<p>Al utilizar este sitio, est\u00e1 de acuerdo con nuestra Pol\u00edtica de privacidad. Si no est\u00e1 de acuerdo con esta pol\u00edtica, no utilice el sitio Web de MEDINA. Esta Pol\u00edtica de privacidad sustituye a todas las pol\u00edticas de privacidad u otras normas que hayamos publicado anteriormente. Puesto que los est\u00e1ndares de privacidad contenidos en esta pol\u00edtica est\u00e1n sujetos a actualizaciones y otras modificaciones, esta Pol\u00edtica de privacidad est\u00e1 sujeta a cambios en cualquier momento. En caso de que se realicen modificaciones, lo notificaremos a todos los socios y otros clientes, tal y como establece la ley. El uso continuado de nuestro sitio tras la comunicaci\u00f3n de los cambios en estos t\u00e9rminos implica su aceptaci\u00f3n de dichos cambios.<\/p>\n<p>Esta pol\u00edtica se actualiz\u00f3 por \u00faltima vez el 24 de julio de 2013.\u2028\u00a9 2014, MEDINA<\/p>\n<p>&nbsp;<\/p>\n","protected":false},"excerpt":{"rendered":"<p>Politica de Protecci\u00f3n de Datos La pol\u00edtica de privacidad establece c\u00f3mo utilizamos los datos personales que nos facilita, como el nombre, la direcci\u00f3n, el n\u00famero de tel\u00e9fono o la direcci\u00f3n de correo electr\u00f3nico. Contenido: &nbsp; Qui\u00e9nes somos C\u00f3mo obtenemos y utilizamos los datos personales 2.1 General 2.2 Tratamiento con fines de Marketing Datos autom\u00e1ticos 3.1 [&hellip;]<\/p>\n","protected":false},"author":101011,"featured_media":0,"parent":0,"menu_order":0,"comment_status":"open","ping_status":"open","template":"","meta":{"_et_pb_use_builder":"","_et_pb_old_content":"","_et_gb_content_width":"","_monsterinsights_skip_tracking":false,"_monsterinsights_sitenote_active":false,"_monsterinsights_sitenote_note":"","_monsterinsights_sitenote_category":0,"footnotes":""},"class_list":["post-2465","page","type-page","status-publish","hentry"],"yoast_head":"<!-- This site is optimized with the Yoast SEO plugin v27.5 - https:\/\/yoast.com\/product\/yoast-seo-wordpress\/ -->\n<title>data-protection-policy - Fundaci\u00f3n MEDINA<\/title>\n<meta name=\"description\" content=\"Consulta la pol\u00edtica de protecci\u00f3n de datos de Fundaci\u00f3n MEDINA para conocer c\u00f3mo protegemos tu informaci\u00f3n\" \/>\n<meta name=\"robots\" content=\"index, follow, max-snippet:-1, max-image-preview:large, max-video-preview:-1\" \/>\n<link rel=\"canonical\" href=\"https:\/\/www.medinadiscovery.com\/es\/data-protection-policy\/\" \/>\n<meta property=\"og:locale\" content=\"es_ES\" \/>\n<meta property=\"og:type\" content=\"article\" \/>\n<meta property=\"og:title\" content=\"data-protection-policy - Fundaci\u00f3n MEDINA\" \/>\n<meta property=\"og:description\" content=\"Consulta la pol\u00edtica de protecci\u00f3n de datos de Fundaci\u00f3n MEDINA para conocer c\u00f3mo protegemos tu informaci\u00f3n\" \/>\n<meta property=\"og:url\" content=\"https:\/\/www.medinadiscovery.com\/es\/data-protection-policy\/\" \/>\n<meta property=\"og:site_name\" content=\"Fundaci\u00f3n MEDINA\" \/>\n<meta property=\"article:publisher\" content=\"https:\/\/www.facebook.com\/MEDINADiscovery\/\" \/>\n<meta property=\"article:modified_time\" content=\"2025-09-25T11:24:08+00:00\" \/>\n<meta name=\"twitter:card\" content=\"summary_large_image\" \/>\n<meta name=\"twitter:site\" content=\"@MedinaDiscovery\" \/>\n<meta name=\"twitter:label1\" content=\"Tiempo de lectura\" \/>\n\t<meta name=\"twitter:data1\" content=\"6 minutos\" \/>\n<script type=\"application\/ld+json\" class=\"yoast-schema-graph\">{\"@context\":\"https:\\\/\\\/schema.org\",\"@graph\":[{\"@type\":\"WebPage\",\"@id\":\"https:\\\/\\\/www.medinadiscovery.com\\\/es\\\/data-protection-policy\\\/\",\"url\":\"https:\\\/\\\/www.medinadiscovery.com\\\/es\\\/data-protection-policy\\\/\",\"name\":\"data-protection-policy - Fundaci\u00f3n MEDINA\",\"isPartOf\":{\"@id\":\"https:\\\/\\\/www.medinadiscovery.com\\\/es\\\/#website\"},\"datePublished\":\"2015-07-13T11:57:10+00:00\",\"dateModified\":\"2025-09-25T11:24:08+00:00\",\"description\":\"Consulta la pol\u00edtica de protecci\u00f3n de datos de Fundaci\u00f3n MEDINA para conocer c\u00f3mo protegemos tu informaci\u00f3n\",\"breadcrumb\":{\"@id\":\"https:\\\/\\\/www.medinadiscovery.com\\\/es\\\/data-protection-policy\\\/#breadcrumb\"},\"inLanguage\":\"es\",\"potentialAction\":[{\"@type\":\"ReadAction\",\"target\":[\"https:\\\/\\\/www.medinadiscovery.com\\\/es\\\/data-protection-policy\\\/\"]}]},{\"@type\":\"BreadcrumbList\",\"@id\":\"https:\\\/\\\/www.medinadiscovery.com\\\/es\\\/data-protection-policy\\\/#breadcrumb\",\"itemListElement\":[{\"@type\":\"ListItem\",\"position\":1,\"name\":\"Home\",\"item\":\"https:\\\/\\\/www.medinadiscovery.com\\\/es\\\/\"},{\"@type\":\"ListItem\",\"position\":2,\"name\":\"data-protection-policy\"}]},{\"@type\":\"WebSite\",\"@id\":\"https:\\\/\\\/www.medinadiscovery.com\\\/es\\\/#website\",\"url\":\"https:\\\/\\\/www.medinadiscovery.com\\\/es\\\/\",\"name\":\"Fundaci\u00f3n MEDINA\",\"description\":\"Our mission on drug discovery and pharma research\",\"publisher\":{\"@id\":\"https:\\\/\\\/www.medinadiscovery.com\\\/es\\\/#organization\"},\"potentialAction\":[{\"@type\":\"SearchAction\",\"target\":{\"@type\":\"EntryPoint\",\"urlTemplate\":\"https:\\\/\\\/www.medinadiscovery.com\\\/es\\\/?s={search_term_string}\"},\"query-input\":{\"@type\":\"PropertyValueSpecification\",\"valueRequired\":true,\"valueName\":\"search_term_string\"}}],\"inLanguage\":\"es\"},{\"@type\":\"Organization\",\"@id\":\"https:\\\/\\\/www.medinadiscovery.com\\\/es\\\/#organization\",\"name\":\"Fundaci\u00f3n MEDINA\",\"url\":\"https:\\\/\\\/www.medinadiscovery.com\\\/es\\\/\",\"logo\":{\"@type\":\"ImageObject\",\"inLanguage\":\"es\",\"@id\":\"https:\\\/\\\/www.medinadiscovery.com\\\/es\\\/#\\\/schema\\\/logo\\\/image\\\/\",\"url\":\"https:\\\/\\\/www.medinadiscovery.com\\\/wp-content\\\/uploads\\\/2025\\\/06\\\/logo_medina.png\",\"contentUrl\":\"https:\\\/\\\/www.medinadiscovery.com\\\/wp-content\\\/uploads\\\/2025\\\/06\\\/logo_medina.png\",\"width\":1747,\"height\":456,\"caption\":\"Fundaci\u00f3n MEDINA\"},\"image\":{\"@id\":\"https:\\\/\\\/www.medinadiscovery.com\\\/es\\\/#\\\/schema\\\/logo\\\/image\\\/\"},\"sameAs\":[\"https:\\\/\\\/www.facebook.com\\\/MEDINADiscovery\\\/\",\"https:\\\/\\\/x.com\\\/MedinaDiscovery\"]}]}<\/script>\n<!-- \/ Yoast SEO plugin. -->","yoast_head_json":{"title":"data-protection-policy - Fundaci\u00f3n MEDINA","description":"Consulta la pol\u00edtica de protecci\u00f3n de datos de Fundaci\u00f3n MEDINA para conocer c\u00f3mo protegemos tu informaci\u00f3n","robots":{"index":"index","follow":"follow","max-snippet":"max-snippet:-1","max-image-preview":"max-image-preview:large","max-video-preview":"max-video-preview:-1"},"canonical":"https:\/\/www.medinadiscovery.com\/es\/data-protection-policy\/","og_locale":"es_ES","og_type":"article","og_title":"data-protection-policy - Fundaci\u00f3n MEDINA","og_description":"Consulta la pol\u00edtica de protecci\u00f3n de datos de Fundaci\u00f3n MEDINA para conocer c\u00f3mo protegemos tu informaci\u00f3n","og_url":"https:\/\/www.medinadiscovery.com\/es\/data-protection-policy\/","og_site_name":"Fundaci\u00f3n MEDINA","article_publisher":"https:\/\/www.facebook.com\/MEDINADiscovery\/","article_modified_time":"2025-09-25T11:24:08+00:00","twitter_card":"summary_large_image","twitter_site":"@MedinaDiscovery","twitter_misc":{"Tiempo de lectura":"6 minutos"},"schema":{"@context":"https:\/\/schema.org","@graph":[{"@type":"WebPage","@id":"https:\/\/www.medinadiscovery.com\/es\/data-protection-policy\/","url":"https:\/\/www.medinadiscovery.com\/es\/data-protection-policy\/","name":"data-protection-policy - Fundaci\u00f3n MEDINA","isPartOf":{"@id":"https:\/\/www.medinadiscovery.com\/es\/#website"},"datePublished":"2015-07-13T11:57:10+00:00","dateModified":"2025-09-25T11:24:08+00:00","description":"Consulta la pol\u00edtica de protecci\u00f3n de datos de Fundaci\u00f3n MEDINA para conocer c\u00f3mo protegemos tu informaci\u00f3n","breadcrumb":{"@id":"https:\/\/www.medinadiscovery.com\/es\/data-protection-policy\/#breadcrumb"},"inLanguage":"es","potentialAction":[{"@type":"ReadAction","target":["https:\/\/www.medinadiscovery.com\/es\/data-protection-policy\/"]}]},{"@type":"BreadcrumbList","@id":"https:\/\/www.medinadiscovery.com\/es\/data-protection-policy\/#breadcrumb","itemListElement":[{"@type":"ListItem","position":1,"name":"Home","item":"https:\/\/www.medinadiscovery.com\/es\/"},{"@type":"ListItem","position":2,"name":"data-protection-policy"}]},{"@type":"WebSite","@id":"https:\/\/www.medinadiscovery.com\/es\/#website","url":"https:\/\/www.medinadiscovery.com\/es\/","name":"Fundaci\u00f3n MEDINA","description":"Our mission on drug discovery and pharma research","publisher":{"@id":"https:\/\/www.medinadiscovery.com\/es\/#organization"},"potentialAction":[{"@type":"SearchAction","target":{"@type":"EntryPoint","urlTemplate":"https:\/\/www.medinadiscovery.com\/es\/?s={search_term_string}"},"query-input":{"@type":"PropertyValueSpecification","valueRequired":true,"valueName":"search_term_string"}}],"inLanguage":"es"},{"@type":"Organization","@id":"https:\/\/www.medinadiscovery.com\/es\/#organization","name":"Fundaci\u00f3n MEDINA","url":"https:\/\/www.medinadiscovery.com\/es\/","logo":{"@type":"ImageObject","inLanguage":"es","@id":"https:\/\/www.medinadiscovery.com\/es\/#\/schema\/logo\/image\/","url":"https:\/\/www.medinadiscovery.com\/wp-content\/uploads\/2025\/06\/logo_medina.png","contentUrl":"https:\/\/www.medinadiscovery.com\/wp-content\/uploads\/2025\/06\/logo_medina.png","width":1747,"height":456,"caption":"Fundaci\u00f3n MEDINA"},"image":{"@id":"https:\/\/www.medinadiscovery.com\/es\/#\/schema\/logo\/image\/"},"sameAs":["https:\/\/www.facebook.com\/MEDINADiscovery\/","https:\/\/x.com\/MedinaDiscovery"]}]}},"_links":{"self":[{"href":"https:\/\/www.medinadiscovery.com\/es\/wp-json\/wp\/v2\/pages\/2465","targetHints":{"allow":["GET"]}}],"collection":[{"href":"https:\/\/www.medinadiscovery.com\/es\/wp-json\/wp\/v2\/pages"}],"about":[{"href":"https:\/\/www.medinadiscovery.com\/es\/wp-json\/wp\/v2\/types\/page"}],"author":[{"embeddable":true,"href":"https:\/\/www.medinadiscovery.com\/es\/wp-json\/wp\/v2\/users\/101011"}],"replies":[{"embeddable":true,"href":"https:\/\/www.medinadiscovery.com\/es\/wp-json\/wp\/v2\/comments?post=2465"}],"version-history":[{"count":2,"href":"https:\/\/www.medinadiscovery.com\/es\/wp-json\/wp\/v2\/pages\/2465\/revisions"}],"predecessor-version":[{"id":14144,"href":"https:\/\/www.medinadiscovery.com\/es\/wp-json\/wp\/v2\/pages\/2465\/revisions\/14144"}],"wp:attachment":[{"href":"https:\/\/www.medinadiscovery.com\/es\/wp-json\/wp\/v2\/media?parent=2465"}],"curies":[{"name":"wp","href":"https:\/\/api.w.org\/{rel}","templated":true}]}}