{"id":5672,"date":"2016-07-22T00:27:34","date_gmt":"2016-07-22T00:27:34","guid":{"rendered":"https:\/\/www.medinadiscovery.com\/es\/?page_id=5672"},"modified":"2025-09-25T13:59:44","modified_gmt":"2025-09-25T11:59:44","slug":"noticias-es","status":"publish","type":"page","link":"https:\/\/www.medinadiscovery.com\/es\/noticias-es\/","title":{"rendered":"Noticias"},"content":{"rendered":"[et_pb_section fb_built=&#8221;1&#8243; custom_padding_last_edited=&#8221;on|desktop&#8221; admin_label=&#8221;section&#8221; _builder_version=&#8221;4.16&#8243; background_color=&#8221;rgba(255,255,255,0)&#8221; custom_padding_tablet=&#8221;50px|0|50px|0&#8243; custom_padding_phone=&#8221;50px|0|50px|0&#8243; custom_css_before=&#8221; padding: -4% 0;&#8221; custom_css_main_element=&#8221; padding: -4% 0;&#8221; custom_css_after=&#8221; padding: -4% 0;&#8221; transparent_background=&#8221;on&#8221; padding_mobile=&#8221;off&#8221; make_fullwidth=&#8221;off&#8221; use_custom_width=&#8221;off&#8221; width_unit=&#8221;on&#8221; global_colors_info=&#8221;{}&#8221;][et_pb_row padding_mobile=&#8221;off&#8221; column_padding_mobile=&#8221;on&#8221; admin_label=&#8221;Row&#8221; _builder_version=&#8221;4.27.4&#8243; background_size=&#8221;initial&#8221; background_position=&#8221;top_left&#8221; background_repeat=&#8221;repeat&#8221; width=&#8221;100%&#8221; max_width=&#8221;1280px&#8221; make_fullwidth=&#8221;off&#8221; use_custom_width=&#8221;off&#8221; width_unit=&#8221;on&#8221; global_colors_info=&#8221;{}&#8221;][et_pb_column type=&#8221;4_4&#8243; _builder_version=&#8221;4.16&#8243; custom_padding=&#8221;|||&#8221; global_colors_info=&#8221;{}&#8221; custom_padding__hover=&#8221;|||&#8221;][et_pb_post_slider posts_number=&#8221;3&#8243; use_manual_excerpt=&#8221;off&#8221; excerpt_length=&#8221;0&#8243; show_meta=&#8221;off&#8221; use_bg_overlay=&#8221;off&#8221; use_text_overlay=&#8221;off&#8221; admin_label=&#8221;Post Slider&#8221; _builder_version=&#8221;4.16&#8243; header_font_size=&#8221;1&#8243; background_color=&#8221;#ffffff&#8221; background_size=&#8221;contain&#8221; custom_button=&#8221;on&#8221; button_bg_color=&#8221;#6c6d5f&#8221; button_border_width=&#8221;0&#8243; custom_padding=&#8221;|||&#8221; custom_padding_tablet=&#8221;|||&#8221; custom_padding_phone=&#8221;|||&#8221; auto=&#8221;on&#8221; auto_speed=&#8221;15000&#8243; auto_ignore_hover=&#8221;on&#8221; remove_inner_shadow=&#8221;on&#8221; hide_content_on_mobile=&#8221;off&#8221; hide_cta_on_mobile=&#8221;off&#8221; show_inner_shadow=&#8221;off&#8221; button_letter_spacing_hover=&#8221;0&#8243; global_colors_info=&#8221;{}&#8221; button_text_size__hover_enabled=&#8221;off&#8221; button_one_text_size__hover_enabled=&#8221;off&#8221; button_two_text_size__hover_enabled=&#8221;off&#8221; button_text_color__hover_enabled=&#8221;off&#8221; button_one_text_color__hover_enabled=&#8221;off&#8221; button_two_text_color__hover_enabled=&#8221;off&#8221; button_border_width__hover_enabled=&#8221;off&#8221; button_one_border_width__hover_enabled=&#8221;off&#8221; button_two_border_width__hover_enabled=&#8221;off&#8221; button_border_color__hover_enabled=&#8221;off&#8221; button_one_border_color__hover_enabled=&#8221;off&#8221; button_two_border_color__hover_enabled=&#8221;off&#8221; button_border_radius__hover_enabled=&#8221;off&#8221; button_one_border_radius__hover_enabled=&#8221;off&#8221; button_two_border_radius__hover_enabled=&#8221;off&#8221; button_letter_spacing__hover_enabled=&#8221;on&#8221; button_letter_spacing__hover=&#8221;0&#8243; button_one_letter_spacing__hover_enabled=&#8221;off&#8221; button_two_letter_spacing__hover_enabled=&#8221;off&#8221; button_bg_color__hover_enabled=&#8221;off&#8221; button_one_bg_color__hover_enabled=&#8221;off&#8221; button_two_bg_color__hover_enabled=&#8221;off&#8221;] [\/et_pb_post_slider][et_pb_blog fullwidth=&#8221;off&#8221; posts_number=&#8221;3&#8243; include_categories=&#8221;98&#8243; show_thumbnail=&#8221;off&#8221; show_author=&#8221;off&#8221; show_date=&#8221;off&#8221; show_categories=&#8221;off&#8221; show_pagination=&#8221;off&#8221; admin_label=&#8221;Blog&#8221; _builder_version=&#8221;4.16&#8243; use_border_color=&#8221;off&#8221; border_color=&#8221;#ffffff&#8221; border_style=&#8221;solid&#8221; use_dropshadow=&#8221;off&#8221; global_colors_info=&#8221;{}&#8221;] [\/et_pb_blog][\/et_pb_column][\/et_pb_row][\/et_pb_section][et_pb_section fb_built=&#8221;1&#8243; custom_padding_last_edited=&#8221;on|desktop&#8221; admin_label=&#8221;section&#8221; _builder_version=&#8221;4.16&#8243; background_color=&#8221;rgba(1,87,130,0.25)&#8221; custom_padding_tablet=&#8221;50px|0|50px|0&#8243; custom_padding_phone=&#8221;50px|0|50px|0&#8243; custom_css_before=&#8221; padding: -4% 0;&#8221; custom_css_main_element=&#8221; padding: -4% 0;&#8221; custom_css_after=&#8221; padding: -4% 0;&#8221; transparent_background=&#8221;off&#8221; padding_mobile=&#8221;off&#8221; make_fullwidth=&#8221;off&#8221; use_custom_width=&#8221;off&#8221; width_unit=&#8221;on&#8221; global_colors_info=&#8221;{}&#8221;][et_pb_row column_structure=&#8221;1_2,1_2&#8243; admin_label=&#8221;row&#8221; _builder_version=&#8221;4.16&#8243; background_size=&#8221;initial&#8221; background_position=&#8221;top_left&#8221; background_repeat=&#8221;repeat&#8221; global_colors_info=&#8221;{}&#8221;][et_pb_column type=&#8221;1_2&#8243; _builder_version=&#8221;4.16&#8243; custom_padding=&#8221;|||&#8221; global_colors_info=&#8221;{}&#8221; custom_padding__hover=&#8221;|||&#8221;][et_pb_text admin_label=&#8221;MEDIA LIBRARY&#8221; _builder_version=&#8221;4.16&#8243; background_size=&#8221;initial&#8221; background_position=&#8221;top_left&#8221; background_repeat=&#8221;repeat&#8221; use_border_color=&#8221;off&#8221; border_color=&#8221;#ffffff&#8221; border_style=&#8221;solid&#8221; global_colors_info=&#8221;{}&#8221;]\n<h2 class=\"p1\"><a href=\"https:\/\/www.medinadiscovery.com\/es\/libreriamedinadiscovery\/\"><span style=\"color: #000000;\"><b>Biblioteca de medios<\/b><\/span><\/a><\/h2>\n<p class=\"p1\">Visita la biblioteca de medios MEDINA para ver y descargar recursos de medios, incluyendo documentos, im\u00e1genes y v\u00eddeos.<\/p>\n[\/et_pb_text][et_pb_text admin_label=&#8221;PUBLICACIONES&#8221; _builder_version=&#8221;4.16&#8243; background_size=&#8221;initial&#8221; background_position=&#8221;top_left&#8221; background_repeat=&#8221;repeat&#8221; use_border_color=&#8221;off&#8221; border_color=&#8221;#ffffff&#8221; border_style=&#8221;solid&#8221; global_colors_info=&#8221;{}&#8221;]\n<h2><\/h2>\n<h2><a href=\"http:\/\/tes.medinadiscovery.com\/category\/estar-al-d%C3%ADa\"><span style=\"color: #000000;\"><b>Mantente informado<\/b><\/span><\/a><\/h2>\n<p>Suscribirse a las \u00faltimas noticias y actualizaciones de MEDINA en el correo electr\u00f3nico , RSS y m\u00e1s.<\/p>\n[\/et_pb_text][\/et_pb_column][et_pb_column type=&#8221;1_2&#8243; _builder_version=&#8221;4.16&#8243; custom_padding=&#8221;|||&#8221; global_colors_info=&#8221;{}&#8221; custom_padding__hover=&#8221;|||&#8221;][et_pb_text admin_label=&#8221;NEWS ARCHIVE&#8221; _builder_version=&#8221;4.16&#8243; background_size=&#8221;initial&#8221; background_position=&#8221;top_left&#8221; background_repeat=&#8221;repeat&#8221; use_border_color=&#8221;off&#8221; border_color=&#8221;#ffffff&#8221; border_style=&#8221;solid&#8221; global_colors_info=&#8221;{}&#8221;]\n<h2 class=\"p1\"><a href=\"https:\/\/www.medinadiscovery.com\/es\/news-archive-en\/\"><span style=\"color: #000000;\"><b style=\"color: #000000;\">Archivo de Noticias\u00a0<\/b><\/span><\/a><\/h2>\n<p class=\"p1\">Leer noticias en profundidad acerca de c\u00f3mo MEDINA est\u00e1 abordando el progreso de descubrimiento de f\u00e1rmacos a trav\u00e9s de titulares recientes.<\/p>\n[\/et_pb_text][\/et_pb_column][\/et_pb_row][et_pb_row admin_label=&#8221;Row&#8221; _builder_version=&#8221;4.16&#8243; background_size=&#8221;initial&#8221; background_position=&#8221;top_left&#8221; background_repeat=&#8221;repeat&#8221; global_colors_info=&#8221;{}&#8221;][et_pb_column type=&#8221;4_4&#8243; _builder_version=&#8221;4.16&#8243; custom_padding=&#8221;|||&#8221; global_colors_info=&#8221;{}&#8221; custom_padding__hover=&#8221;|||&#8221;][et_pb_divider show_divider=&#8221;off&#8221; disabled_on=&#8221;on|on|off&#8221; admin_label=&#8221;Divisor&#8221; _builder_version=&#8221;4.16&#8243; hide_on_mobile=&#8221;on&#8221; global_colors_info=&#8221;{}&#8221;] [\/et_pb_divider][et_pb_text admin_label=&#8221;Text&#8221; _builder_version=&#8221;4.16&#8243; background_size=&#8221;initial&#8221; background_position=&#8221;top_left&#8221; background_repeat=&#8221;repeat&#8221; use_border_color=&#8221;off&#8221; border_color=&#8221;#ffffff&#8221; border_style=&#8221;solid&#8221; global_colors_info=&#8221;{}&#8221;]\n<hr \/>\n<h2 class=\"p1\"><span style=\"color: #000000;\"><b>MEDINA EN VIDEOS<\/b><\/span><\/h2>\n[\/et_pb_text][\/et_pb_column][\/et_pb_row][et_pb_row column_structure=&#8221;1_3,1_3,1_3&#8243; padding_mobile=&#8221;off&#8221; column_padding_mobile=&#8221;on&#8221; admin_label=&#8221;Row&#8221; _builder_version=&#8221;4.16&#8243; background_size=&#8221;initial&#8221; background_position=&#8221;top_left&#8221; background_repeat=&#8221;repeat&#8221; make_fullwidth=&#8221;off&#8221; use_custom_width=&#8221;off&#8221; width_unit=&#8221;on&#8221; global_colors_info=&#8221;{}&#8221;][et_pb_column type=&#8221;1_3&#8243; _builder_version=&#8221;4.16&#8243; custom_padding=&#8221;|||&#8221; global_colors_info=&#8221;{}&#8221; custom_padding__hover=&#8221;|||&#8221;][et_pb_video src=&#8221;https:\/\/youtu.be\/oONVurXWSlI&#8221; _builder_version=&#8221;4.27.4&#8243; _module_preset=&#8221;default&#8221; global_colors_info=&#8221;{}&#8221;][\/et_pb_video][et_pb_video src=&#8221;https:\/\/youtu.be\/ewPGEvsem_w&#8221; admin_label=&#8221;Video&#8221; _builder_version=&#8221;4.16&#8243; global_colors_info=&#8221;{}&#8221;] [\/et_pb_video][et_pb_video src=&#8221;https:\/\/www.youtube.com\/watch?v=kLlRkXtgbis&#038;feature=youtu.be&#8221; admin_label=&#8221;Video&#8221; _builder_version=&#8221;4.16&#8243; global_colors_info=&#8221;{}&#8221;] [\/et_pb_video][et_pb_video src=&#8221;https:\/\/www.youtube.com\/watch?v=I7kiHJegI7Q&#8221; admin_label=&#8221;Video&#8221; _builder_version=&#8221;4.16&#8243; global_colors_info=&#8221;{}&#8221;] [\/et_pb_video][\/et_pb_column][et_pb_column type=&#8221;1_3&#8243; _builder_version=&#8221;4.16&#8243; custom_padding=&#8221;|||&#8221; global_colors_info=&#8221;{}&#8221; custom_padding__hover=&#8221;|||&#8221;][et_pb_video src=&#8221;https:\/\/youtu.be\/n_zlATTnlSk&#8221; admin_label=&#8221;Video&#8221; _builder_version=&#8221;4.16&#8243; global_colors_info=&#8221;{}&#8221;] [\/et_pb_video][et_pb_video src=&#8221;https:\/\/www.youtube.com\/watch?v=tUwJkMfPTJQ&#8221; admin_label=&#8221;Video&#8221; _builder_version=&#8221;4.16&#8243; global_colors_info=&#8221;{}&#8221;] [\/et_pb_video][et_pb_video src=&#8221;https:\/\/www.youtube.com\/watch?v=8vcES4IQoMU&#038;feature=youtu.be&#8221; admin_label=&#8221;Video&#8221; _builder_version=&#8221;4.16&#8243; global_colors_info=&#8221;{}&#8221;] [\/et_pb_video][\/et_pb_column][et_pb_column type=&#8221;1_3&#8243; _builder_version=&#8221;4.16&#8243; custom_padding=&#8221;|||&#8221; global_colors_info=&#8221;{}&#8221; custom_padding__hover=&#8221;|||&#8221;][et_pb_video src=&#8221;https:\/\/www.youtube.com\/watch?v=-fG1k3jtvTs&#8221; image_src=&#8221;\/\/i.ytimg.com\/vi\/-fG1k3jtvTs\/hqdefault.jpg&#8221; admin_label=&#8221;Video&#8221; _builder_version=&#8221;4.16&#8243; global_colors_info=&#8221;{}&#8221;][\/et_pb_video][et_pb_video src=&#8221;https:\/\/youtu.be\/v98qP_vXw5g&#8221; admin_label=&#8221;Video&#8221; _builder_version=&#8221;4.16&#8243; global_colors_info=&#8221;{}&#8221;] [\/et_pb_video][et_pb_video src=&#8221;https:\/\/www.youtube.com\/watch?v=ruDdM1tEO3g&#8221; admin_label=&#8221;Video&#8221; _builder_version=&#8221;4.16&#8243; global_colors_info=&#8221;{}&#8221;] [\/et_pb_video][et_pb_video src=&#8221;https:\/\/www.youtube.com\/watch?v=28MiYxmR8Oo&#8221; admin_label=&#8221;Video&#8221; _builder_version=&#8221;4.16&#8243; global_colors_info=&#8221;{}&#8221;] [\/et_pb_video][\/et_pb_column][\/et_pb_row][\/et_pb_section]\n","protected":false},"excerpt":{"rendered":"<p>MEDINA participa en el proyecto NOVA-VRE para...<\/p>\n","protected":false},"author":101011,"featured_media":0,"parent":0,"menu_order":0,"comment_status":"closed","ping_status":"closed","template":"","meta":{"_et_pb_use_builder":"on","_et_pb_old_content":"","_et_gb_content_width":"","_monsterinsights_skip_tracking":false,"_monsterinsights_sitenote_active":false,"_monsterinsights_sitenote_note":"","_monsterinsights_sitenote_category":0,"footnotes":""},"class_list":["post-5672","page","type-page","status-publish","hentry"],"yoast_head":"<!-- This site is optimized with the Yoast SEO plugin v27.4 - https:\/\/yoast.com\/product\/yoast-seo-wordpress\/ -->\n<title>Noticias - Fundaci\u00f3n MEDINA<\/title>\n<meta name=\"description\" content=\"Revisa las noticias y comunicados de la Fundaci\u00f3n MEDINA en espa\u00f1ol\" \/>\n<meta name=\"robots\" content=\"index, follow, max-snippet:-1, max-image-preview:large, max-video-preview:-1\" \/>\n<link rel=\"canonical\" href=\"https:\/\/www.medinadiscovery.com\/es\/noticias-es\/\" \/>\n<meta property=\"og:locale\" content=\"es_ES\" \/>\n<meta property=\"og:type\" content=\"article\" \/>\n<meta property=\"og:title\" content=\"Noticias - Fundaci\u00f3n MEDINA\" \/>\n<meta property=\"og:description\" content=\"Revisa las noticias y comunicados de la Fundaci\u00f3n MEDINA en espa\u00f1ol\" \/>\n<meta property=\"og:url\" content=\"https:\/\/www.medinadiscovery.com\/es\/noticias-es\/\" \/>\n<meta property=\"og:site_name\" content=\"Fundaci\u00f3n MEDINA\" \/>\n<meta property=\"article:publisher\" content=\"https:\/\/www.facebook.com\/MEDINADiscovery\/\" \/>\n<meta property=\"article:modified_time\" content=\"2025-09-25T11:59:44+00:00\" \/>\n<meta name=\"twitter:card\" content=\"summary_large_image\" \/>\n<meta name=\"twitter:site\" content=\"@MedinaDiscovery\" \/>\n<meta name=\"twitter:label1\" content=\"Tiempo de lectura\" \/>\n\t<meta name=\"twitter:data1\" content=\"2 minutos\" \/>\n<script type=\"application\/ld+json\" class=\"yoast-schema-graph\">{\"@context\":\"https:\\\/\\\/schema.org\",\"@graph\":[{\"@type\":\"WebPage\",\"@id\":\"https:\\\/\\\/www.medinadiscovery.com\\\/es\\\/noticias-es\\\/\",\"url\":\"https:\\\/\\\/www.medinadiscovery.com\\\/es\\\/noticias-es\\\/\",\"name\":\"Noticias - Fundaci\u00f3n MEDINA\",\"isPartOf\":{\"@id\":\"https:\\\/\\\/www.medinadiscovery.com\\\/es\\\/#website\"},\"datePublished\":\"2016-07-22T00:27:34+00:00\",\"dateModified\":\"2025-09-25T11:59:44+00:00\",\"description\":\"Revisa las noticias y comunicados de la Fundaci\u00f3n MEDINA en espa\u00f1ol\",\"breadcrumb\":{\"@id\":\"https:\\\/\\\/www.medinadiscovery.com\\\/es\\\/noticias-es\\\/#breadcrumb\"},\"inLanguage\":\"es\",\"potentialAction\":[{\"@type\":\"ReadAction\",\"target\":[\"https:\\\/\\\/www.medinadiscovery.com\\\/es\\\/noticias-es\\\/\"]}]},{\"@type\":\"BreadcrumbList\",\"@id\":\"https:\\\/\\\/www.medinadiscovery.com\\\/es\\\/noticias-es\\\/#breadcrumb\",\"itemListElement\":[{\"@type\":\"ListItem\",\"position\":1,\"name\":\"Home\",\"item\":\"https:\\\/\\\/www.medinadiscovery.com\\\/es\\\/\"},{\"@type\":\"ListItem\",\"position\":2,\"name\":\"Noticias\"}]},{\"@type\":\"WebSite\",\"@id\":\"https:\\\/\\\/www.medinadiscovery.com\\\/es\\\/#website\",\"url\":\"https:\\\/\\\/www.medinadiscovery.com\\\/es\\\/\",\"name\":\"Fundaci\u00f3n MEDINA\",\"description\":\"Our mission on drug discovery and pharma research\",\"publisher\":{\"@id\":\"https:\\\/\\\/www.medinadiscovery.com\\\/es\\\/#organization\"},\"potentialAction\":[{\"@type\":\"SearchAction\",\"target\":{\"@type\":\"EntryPoint\",\"urlTemplate\":\"https:\\\/\\\/www.medinadiscovery.com\\\/es\\\/?s={search_term_string}\"},\"query-input\":{\"@type\":\"PropertyValueSpecification\",\"valueRequired\":true,\"valueName\":\"search_term_string\"}}],\"inLanguage\":\"es\"},{\"@type\":\"Organization\",\"@id\":\"https:\\\/\\\/www.medinadiscovery.com\\\/es\\\/#organization\",\"name\":\"Fundaci\u00f3n MEDINA\",\"url\":\"https:\\\/\\\/www.medinadiscovery.com\\\/es\\\/\",\"logo\":{\"@type\":\"ImageObject\",\"inLanguage\":\"es\",\"@id\":\"https:\\\/\\\/www.medinadiscovery.com\\\/es\\\/#\\\/schema\\\/logo\\\/image\\\/\",\"url\":\"https:\\\/\\\/www.medinadiscovery.com\\\/wp-content\\\/uploads\\\/2025\\\/06\\\/logo_medina.png\",\"contentUrl\":\"https:\\\/\\\/www.medinadiscovery.com\\\/wp-content\\\/uploads\\\/2025\\\/06\\\/logo_medina.png\",\"width\":1747,\"height\":456,\"caption\":\"Fundaci\u00f3n MEDINA\"},\"image\":{\"@id\":\"https:\\\/\\\/www.medinadiscovery.com\\\/es\\\/#\\\/schema\\\/logo\\\/image\\\/\"},\"sameAs\":[\"https:\\\/\\\/www.facebook.com\\\/MEDINADiscovery\\\/\",\"https:\\\/\\\/x.com\\\/MedinaDiscovery\"]}]}<\/script>\n<!-- \/ Yoast SEO plugin. -->","yoast_head_json":{"title":"Noticias - Fundaci\u00f3n MEDINA","description":"Revisa las noticias y comunicados de la Fundaci\u00f3n MEDINA en espa\u00f1ol","robots":{"index":"index","follow":"follow","max-snippet":"max-snippet:-1","max-image-preview":"max-image-preview:large","max-video-preview":"max-video-preview:-1"},"canonical":"https:\/\/www.medinadiscovery.com\/es\/noticias-es\/","og_locale":"es_ES","og_type":"article","og_title":"Noticias - Fundaci\u00f3n MEDINA","og_description":"Revisa las noticias y comunicados de la Fundaci\u00f3n MEDINA en espa\u00f1ol","og_url":"https:\/\/www.medinadiscovery.com\/es\/noticias-es\/","og_site_name":"Fundaci\u00f3n MEDINA","article_publisher":"https:\/\/www.facebook.com\/MEDINADiscovery\/","article_modified_time":"2025-09-25T11:59:44+00:00","twitter_card":"summary_large_image","twitter_site":"@MedinaDiscovery","twitter_misc":{"Tiempo de lectura":"2 minutos"},"schema":{"@context":"https:\/\/schema.org","@graph":[{"@type":"WebPage","@id":"https:\/\/www.medinadiscovery.com\/es\/noticias-es\/","url":"https:\/\/www.medinadiscovery.com\/es\/noticias-es\/","name":"Noticias - Fundaci\u00f3n MEDINA","isPartOf":{"@id":"https:\/\/www.medinadiscovery.com\/es\/#website"},"datePublished":"2016-07-22T00:27:34+00:00","dateModified":"2025-09-25T11:59:44+00:00","description":"Revisa las noticias y comunicados de la Fundaci\u00f3n MEDINA en espa\u00f1ol","breadcrumb":{"@id":"https:\/\/www.medinadiscovery.com\/es\/noticias-es\/#breadcrumb"},"inLanguage":"es","potentialAction":[{"@type":"ReadAction","target":["https:\/\/www.medinadiscovery.com\/es\/noticias-es\/"]}]},{"@type":"BreadcrumbList","@id":"https:\/\/www.medinadiscovery.com\/es\/noticias-es\/#breadcrumb","itemListElement":[{"@type":"ListItem","position":1,"name":"Home","item":"https:\/\/www.medinadiscovery.com\/es\/"},{"@type":"ListItem","position":2,"name":"Noticias"}]},{"@type":"WebSite","@id":"https:\/\/www.medinadiscovery.com\/es\/#website","url":"https:\/\/www.medinadiscovery.com\/es\/","name":"Fundaci\u00f3n MEDINA","description":"Our mission on drug discovery and pharma research","publisher":{"@id":"https:\/\/www.medinadiscovery.com\/es\/#organization"},"potentialAction":[{"@type":"SearchAction","target":{"@type":"EntryPoint","urlTemplate":"https:\/\/www.medinadiscovery.com\/es\/?s={search_term_string}"},"query-input":{"@type":"PropertyValueSpecification","valueRequired":true,"valueName":"search_term_string"}}],"inLanguage":"es"},{"@type":"Organization","@id":"https:\/\/www.medinadiscovery.com\/es\/#organization","name":"Fundaci\u00f3n MEDINA","url":"https:\/\/www.medinadiscovery.com\/es\/","logo":{"@type":"ImageObject","inLanguage":"es","@id":"https:\/\/www.medinadiscovery.com\/es\/#\/schema\/logo\/image\/","url":"https:\/\/www.medinadiscovery.com\/wp-content\/uploads\/2025\/06\/logo_medina.png","contentUrl":"https:\/\/www.medinadiscovery.com\/wp-content\/uploads\/2025\/06\/logo_medina.png","width":1747,"height":456,"caption":"Fundaci\u00f3n MEDINA"},"image":{"@id":"https:\/\/www.medinadiscovery.com\/es\/#\/schema\/logo\/image\/"},"sameAs":["https:\/\/www.facebook.com\/MEDINADiscovery\/","https:\/\/x.com\/MedinaDiscovery"]}]}},"_links":{"self":[{"href":"https:\/\/www.medinadiscovery.com\/es\/wp-json\/wp\/v2\/pages\/5672","targetHints":{"allow":["GET"]}}],"collection":[{"href":"https:\/\/www.medinadiscovery.com\/es\/wp-json\/wp\/v2\/pages"}],"about":[{"href":"https:\/\/www.medinadiscovery.com\/es\/wp-json\/wp\/v2\/types\/page"}],"author":[{"embeddable":true,"href":"https:\/\/www.medinadiscovery.com\/es\/wp-json\/wp\/v2\/users\/101011"}],"replies":[{"embeddable":true,"href":"https:\/\/www.medinadiscovery.com\/es\/wp-json\/wp\/v2\/comments?post=5672"}],"version-history":[{"count":80,"href":"https:\/\/www.medinadiscovery.com\/es\/wp-json\/wp\/v2\/pages\/5672\/revisions"}],"predecessor-version":[{"id":13554,"href":"https:\/\/www.medinadiscovery.com\/es\/wp-json\/wp\/v2\/pages\/5672\/revisions\/13554"}],"wp:attachment":[{"href":"https:\/\/www.medinadiscovery.com\/es\/wp-json\/wp\/v2\/media?parent=5672"}],"curies":[{"name":"wp","href":"https:\/\/api.w.org\/{rel}","templated":true}]}}